{"id":413,"date":"2022-02-09T18:11:59","date_gmt":"2022-02-09T18:11:59","guid":{"rendered":"https:\/\/corporefit365.com\/politica-de-cookies-ue"},"modified":"2023-08-30T18:58:38","modified_gmt":"2023-08-30T18:58:38","slug":"politica-de-cookies","status":"publish","type":"page","link":"https:\/\/corporefit365.com\/?page_id=413","title":{"rendered":"Pol\u00edtica de cookies"},"content":{"rendered":"\n<p><strong>POL\u00cdTICA DE COOKIES<\/strong><strong><\/strong><\/p>\n\n\n\n<p><strong>Sobre esta Pol\u00edtica de Cookies<\/strong><\/p>\n\n\n\n<p>En cumplimiento de lo dispuesto en el art\u00edculo 22.2 de la Ley 34\/2002, de 11 de julio, de Servicios de la Sociedad de la Informaci\u00f3n y de Comercio Electr\u00f3nico, esta p\u00e1gina web le informa, en esta secci\u00f3n sobre la pol\u00edtica de recogida y tratamiento de cookies. Que cookies usamos, como las usamos y como controlar las preferencias en relaci\u00f3n a las cookies.<\/p>\n\n\n\n<p>En cualquier momento puede modificar las preferencias o rechazar su consentimiento en relaci\u00f3n a las Cookies desde el formulario de consentimiento.<\/p>\n\n\n\n<p>Su consentimiento se aplica en relaci\u00f3n al&nbsp;presente dominio, <a href=\"about:blank\">www.corporefit365.com<\/a>, propiedad <strong>de <\/strong><strong>CORPORE FIT-365, S.L.<\/strong><strong> &nbsp;(en adelante la Empresa)<\/strong><\/p>\n\n\n\n<p><strong>\u00bfQu\u00e9 son las cookies ?<\/strong><\/p>\n\n\n\n<p>Una cookie es un fichero que se descarga en su ordenador al&nbsp;acceder a determinadas p\u00e1ginas web. Las cookies permiten a una p\u00e1gina web,&nbsp;entre otras cosas, almacenar y recuperar informaci\u00f3n sobre los h\u00e1bitos de&nbsp;navegaci\u00f3n de un usuario o de su equipo y, dependiendo de la informaci\u00f3n que&nbsp;contengan y de la forma en que utilice su equipo, pueden utilizarse para&nbsp;reconocer al usuario.<\/p>\n\n\n\n<p><strong>\u00bfC\u00f3mo usamos las Cookies?<\/strong><\/p>\n\n\n\n<p>Nuestra web utiliza tanto cookies propias como de terceros, las propias son t\u00e9cnicas y esenciales para el funcionamiento de la web, las de terceros para funciones de publicidad (desactivadas por defecto).<\/p>\n\n\n\n<p>Si hemos obtenido tu previo consentimiento informado, podremos utilizar cookies para obtener informaci\u00f3n que nos permita mostrarte publicidad basada en el an\u00e1lisis de tus h\u00e1bitos de navegaci\u00f3n.<\/p>\n\n\n\n<p><strong>\u00bfPara qu\u00e9 NO se utilizan las cookies en esta web?<\/strong><\/p>\n\n\n\n<p>En las cookies que utilizamos no se almacena informaci\u00f3n sensible de identificaci\u00f3n personal como tu nombre, direcci\u00f3n, tu contrase\u00f1a, etc\u2026<\/p>\n\n\n\n<p><strong>\u00bfQui\u00e9n utiliza la informaci\u00f3n almacenada en las cookies?<\/strong><\/p>\n\n\n\n<p>La informaci\u00f3n almacenada en las cookies de nuestro sitio web es utilizada exclusivamente por nosotros, a excepci\u00f3n de aquellas identificadas m\u00e1s adelante como &#8216;cookie de terceros&#8217;, que son utilizadas y gestionadas por entidades externas que nos proporcionan servicios que mejoran la experiencia del usuario.<\/p>\n\n\n\n<p>La informaci\u00f3n almacenada en las cookies de nuestro sitio web es utilizada exclusivamente por nosotros, a excepci\u00f3n de aquellas identificadas m\u00e1s adelante como &#8216;cookie de terceros&#8217;, que son utilizadas y gestionadas por entidades externas que nos proporcionan servicios que mejoran la experiencia del usuario. Por ejemplo, las estad\u00edsticas que se recogen sobre el n\u00famero de visitas, el contenido que m\u00e1s gusta, etc\u2026 lo gestiona GOOGLE ANALYTICS y GOOGLE SEARCH CONSOLE.<\/p>\n\n\n\n<p><strong>\u00bfC\u00f3mo puedo evitar el uso de cookies en este sitio web?<\/strong><\/p>\n\n\n\n<p>Las cookies no necesarias est\u00e1n deshabilitadas por defecto, por lo que tendr\u00e1s que CONFIGURAR las que permites utilizar. Si las has aceptado, no volveremos a preguntarte a menos que borres las cookies en tu dispositivo seg\u00fan se indica en el apartado siguiente. Si quieres revocar el consentimiento tendr\u00e1s que eliminar las cookies y volver a configurarlas.<\/p>\n\n\n\n<p><strong>\u00bfQu\u00e9 tipos de cookies se utilizan en esta p\u00e1gina web?<\/strong><\/p>\n\n\n\n<p><strong>SEG\u00daN LA ENTIDAD QUE LO GESTIONA<\/strong><\/p>\n\n\n\n<ul class=\"wp-block-list\">\n<li><strong>Cookies propias<\/strong>: son aquellas que se env\u00edan al equipo terminal del usuario desde un equipo o dominio gestionado por el propio editor y desde el que se presta el servicio solicitado por el usuario.<\/li>\n\n\n\n<li>&nbsp;<strong>Cookies de terceros<\/strong>: son aquellas que se env\u00edan al equipo terminal del usuario desde un equipo o dominio que no es gestionado por el editor, sino por otra entidad que trata los datos obtenidos trav\u00e9s de las cookies. En el caso de que las cookies sean servidas desde un equipo o dominio gestionado por el propio editor, pero la informaci\u00f3n que se recoja mediante estas sea gestionada por un tercero, no pueden ser consideradas como cookies propias si el tercero las utiliza para sus propias finalidades (por ejemplo, la mejora de los servicios que presta o la prestaci\u00f3n de servicios de car\u00e1cter publicitario a favor de otras entidades). Concretamente, Google Analytics para ayudar al website a analizar el uso que hacen los Usuarios del sitio web y mejorar la usabilidad del mismo, pero en ning\u00fan caso se asocian a datos que pudieran llegar a identificar al usuario. <strong>Google Analytics<\/strong>, es un servicio anal\u00edtico de web prestado por Google, Inc., una compa\u00f1\u00eda de Delaware cuya oficina principal est\u00e1 en 1600 Amphitheatre Parkway, Mountain View (California), CA 94043, Estados Unidos (\u201cGoogle\u201d). El usuario puede consultar <strong>aqu\u00ed<\/strong> el tipo de cookies utilizadas por Google. Igualmente se utilizan cookies relacionados con Redes Sociales, en concreto con Facebook, as\u00ed como con Provis, aplicaci\u00f3n que tiene como finalidad mejorar el control de gesti\u00f3n y accesos al \u00e1rea de clientes de nuestros usuarios y socios.<\/li>\n<\/ul>\n\n\n\n<p><strong>SEG\u00daN SU FINALIDAD<\/strong><\/p>\n\n\n\n<ul class=\"wp-block-list\">\n<li><strong>Cookies t\u00e9cnicas necesarias<\/strong>: son aquellas necesarias para la navegaci\u00f3n y el buen funcionamiento de nuestra p\u00e1gina web, como por ejemplo, controlar el tr\u00e1fico y la comunicaci\u00f3n de datos, identificar la sesi\u00f3n, acceder a partes de acceso restringido, recordar los elementos que integran un pedido, en caso de que exista en el futro esta opci\u00f3n en la p\u00e1gina, as\u00ed como realizar el proceso de compra de dicho pedido, gestionar el pago, controlar el fraude vinculado a la seguridad del servicio, realizar la solicitud de inscripci\u00f3n o participaci\u00f3n en un evento, contar visitas a efectos de la facturaci\u00f3n de licencias del software con el que funciona el servicio (sitio web, plataforma o aplicaci\u00f3n), utilizar elementos de seguridad durante la navegaci\u00f3n, almacenar contenidos para la difusi\u00f3n de v\u00eddeos o sonido, habilitar contenidos din\u00e1micos (por ejemplo, animaci\u00f3n de carga de un texto o imagen)\u2026 Estas cookies son absolutamente necesarias para el funcionamiento de la web, est\u00e1n relacionadas con el propio plugin de consentimiento RGPD, guardando su selecci\u00f3n en relaci\u00f3n al consentimiento de Cookies. El uso del acceso clientes igualmente implica la necesidad de instalar cookies t\u00e9cnicas propias. Estas cookies son absolutamente necesarias para el funcionamiento de la web, sin ellas el sitio no funcionar\u00eda, por lo que no es preciso su consentimiento para su uso.<\/li>\n\n\n\n<li><strong>Cookies de an\u00e1lisis<\/strong>: permiten cuantificar el n\u00famero de usuarios y as\u00ed realizar la medici\u00f3n y an\u00e1lisis estad\u00edstico de la utilizaci\u00f3n que hacen los usuarios del servicio ofertado. Para ello se analiza su navegaci\u00f3n en nuestra p\u00e1gina web con el fin de mejorar la oferta de productos o servicios que le ofrecemos. En el presente caso se tratan de las cookies anal\u00edticas que se emplean a trav\u00e9s de las herramientas indicadas de <strong>Google Analytics y Google Search Console.<\/strong><\/li>\n\n\n\n<li><strong>Publicitarias comportamentales<\/strong>: son aquellas que, tratadas por nosotros o por terceros, nos permiten analizar sus h\u00e1bitos de navegaci\u00f3n en Internet para que podamos mostrarle publicidad relacionada con su perfil de navegaci\u00f3n.<\/li>\n<\/ul>\n\n\n\n<p><strong>SEG\u00daN EL PLAZO DE TIEMPO QUE PERMANECEN ACTIVADAS<\/strong><\/p>\n\n\n\n<p>\u2022 <strong>Cookies de sesi\u00f3n<\/strong>: son aquellas dise\u00f1adas para recabar y almacenar datos mientras el usuario accede a una p\u00e1gina web. Se suelen emplear para almacenar informaci\u00f3n que solo interesa conservar para la prestaci\u00f3n del servicio solicitado por el usuario en una sola ocasi\u00f3n (por ejemplo, una lista de productos adquiridos) y desaparecen al terminar la sesi\u00f3n.<\/p>\n\n\n\n<p>\u2022 <strong>Cookies persistentes<\/strong>: son aquellas en las que los datos siguen almacenados en el terminal y pueden ser accedidos y tratados durante un periodo definido por el responsable de la cookie, y que puede ir de unos minutos a varios a\u00f1os. A este respecto debe valorarse espec\u00edficamente si es necesaria la utilizaci\u00f3n de cookies persistentes, puesto que los riesgos para la privacidad podr\u00edan reducirse mediante la utilizaci\u00f3n de cookies de sesi\u00f3n. En todo caso, cuando se instalen cookies persistentes, se recomienda reducir al m\u00ednimo necesario su duraci\u00f3n temporal atendiendo a la finalidad de su uso. A estos efectos, el Dictamen 4\/2012 del GT29 indic\u00f3 que para que una cookie pueda estar exenta del deber de consentimiento informado, su caducidad debe estar relacionada con su finalidad. Debido a ello, es mucho m\u00e1s probable que se consideren como exceptuadas las cookies de sesi\u00f3n que las persistentes<\/p>\n\n\n\n<p><strong>La lista mostrada a continuaci\u00f3n refleja las cookies usadas en nuestra Web.<\/strong><\/p>\n\n\n\n<figure class=\"wp-block-table\"><table><thead><tr><td><a><strong>COOKIE<\/strong><\/a><\/td><td><strong>FINALIDAD<\/strong><\/td><td><strong>DURACION y GESTION<\/strong><\/td><\/tr><\/thead><tbody><tr><td><a><strong>Cookies t\u00e9cnicas (esenciales o necesarias)<\/strong><\/a><\/td><\/tr><tr><td>Identificaci\u00f3n del usuario<\/td><td>Se utilizan para identificar al usuario, contienen datos t\u00e9cnicos de sesi\u00f3n, tiempo de espera de conexi\u00f3n, etc<\/td><td>Sesi\u00f3n. Propias<\/td><\/tr><tr><td>Estado de la navegaci\u00f3n<\/td><td>Se utilizan para identificar en qu\u00e9 estado de navegaci\u00f3n se encuentra el usuario: primera p\u00e1gina, primer acceso, etc..<\/td><td>Sesi\u00f3n. Propias<\/td><\/tr><tr><td>Selecciones del usuario<\/td><td>Se utilizan para guardar los valores que han sido seleccionados por el usuario: idioma, moneda, productos, talla\u2026<\/td><td>Sesi\u00f3n. Propias<\/td><\/tr><tr><td>Favoritos y \u00faltimas selecciones<\/td><td>Permiten recordar las selecciones favoritas del usuario o las \u00faltimas selecciones<\/td><td>Persistentes. Propias<\/td><\/tr><tr><td>Protocolos<\/td><td>Permiten gestionar cambios de dominio entre seguro (http) y no seguro (https)<\/td><td>Sesi\u00f3n. Propias<\/td><\/tr><tr><td>WordPress &#8211; wordpress_test_cookie<\/td><td>Cookie necesaria para el funcionamiento de la web, basada en WordPress.<\/td><td>Sesi\u00f3n. Terceros<\/td><\/tr><\/tbody><\/table><\/figure>\n\n\n\n<figure class=\"wp-block-table\"><table><thead><tr><td><strong>COOKIE<\/strong><\/td><td><strong>FINALIDAD<\/strong><\/td><td><strong>DURACION y GESTION<\/strong><\/td><\/tr><\/thead><tbody><tr><td><strong>&nbsp;<\/strong> <strong>Cookies anal\u00edticas<\/strong><\/td><\/tr><tr><td>Google Analytics<\/td><td>Permiten realizar un seguimiento mediante la herramienta Google Analytics que es un servicio proporcionado por Google para obtener informaci\u00f3n de los accesos de los usuarios a la web: n\u00famero de veces que el usuario visita la web, fechas de primera y \u00faltima visita, duraci\u00f3n de las visitas, desde qu\u00e9 p\u00e1gina accedi\u00f3 a la web, etc.. La informaci\u00f3n que genera la cookie, acerca del uso de la web, ser\u00e1 directamente transmitida y archivada por Google Inc (empresa con sede en EEUU). La configuraci\u00f3n de estas cookies est\u00e1 predeterminada por el servicio ofrecido por Google, por lo que sugerimos que consulte la pol\u00edtica de privacidad de Google Analytics.<\/td><td>Persistentes. Terceros<\/td><\/tr><tr><td>Estado de la navegaci\u00f3n<\/td><td>Se utilizan para identificar en qu\u00e9 estado de navegaci\u00f3n se encuentra el usuario: primera p\u00e1gina, primer acceso, etc..<\/td><td>Sesi\u00f3n. Propias<\/td><\/tr><\/tbody><\/table><\/figure>\n\n\n\n<p><strong>TRANSFERENCIAS INTERNACIONALES DE DATOS<\/strong><\/p>\n\n\n\n<p>Se entiende como Transferencia Internacional de Datos aquella comunicaci\u00f3n de sus datos de car\u00e1cter personal a pa\u00edses ubicados fuera de la Uni\u00f3n Europea, y m\u00e1s concretamente fuera del Espacio Econ\u00f3mico Europeo (EEE). Hay excepciones de pa\u00edses fuera de este espacio europeo que no se consideran una trasferencia internacional al ser los destinatarios pa\u00edses que la Comisi\u00f3n Europea de Protecci\u00f3n de Datos considera adecuados por cumplir con los est\u00e1ndares europeos en protecci\u00f3n de datos. Estos pa\u00edses se entienden que son seguros pues se comprometen al cumplimiento de las exigencias de la normativa europea.<\/p>\n\n\n\n<p>En todo caso&nbsp;<strong>la Empresa<\/strong>&nbsp;no transfiere en estos momentos ning\u00fan dato fuera del EEE.<\/p>\n\n\n\n<p>Si en alg\u00fan momento fuera a ser transferida informaci\u00f3n personal fuera del EEE, bien porque el almacenamiento de los datos se aloje en alg\u00fan servidor fuera de las fronteras del EEE, o bien por cualquier otro motivo, se asegura que, o bien se informar\u00e1 al interesado y se le solicitar\u00e1 su consentimiento, o bien se mantendr\u00e1n firmadas las cl\u00e1usulas contractuales regulatorias de dicha transferencia internacional, asegur\u00e1ndose de que el proveedor que pueda alojar o tratar informaci\u00f3n de car\u00e1cter personal cumple los est\u00e1ndares m\u00ednimos de seguridad y principios recogidos en el RGPD.<\/p>\n\n\n\n<p><strong>Actualizaciones y cambios en la pol\u00edtica de Privacidad de Cookies<\/strong><\/p>\n\n\n\n<p><strong>La Empresa<\/strong>&nbsp;&nbsp;puede modificar esta Pol\u00edtica de Cookies en funci\u00f3n de exigencias legislativas, reglamentarias, o con la finalidad de adaptar dicha pol\u00edtica a las instrucciones dictadas por la Agencia Espa\u00f1ola de Protecci\u00f3n de Datos, por ello se aconseja a los Usuarios que la visiten peri\u00f3dicamente.<\/p>\n\n\n\n<p><strong>Revisada y actualizada a fecha 1 de enero de 2.022<\/strong><\/p>\n","protected":false},"excerpt":{"rendered":"<p>POL\u00cdTICA DE COOKIES Sobre esta Pol\u00edtica de Cookies En cumplimiento de lo dispuesto en el art\u00edculo 22.2 de la Ley 34\/2002, de 11 de julio, de Servicios de la Sociedad de la Informaci\u00f3n y de Comercio Electr\u00f3nico, esta p\u00e1gina web le informa, en esta secci\u00f3n sobre la pol\u00edtica de recogida y tratamiento de cookies. Que [&hellip;]<\/p>\n","protected":false},"author":1,"featured_media":0,"parent":0,"menu_order":0,"comment_status":"closed","ping_status":"closed","template":"","meta":{"_genesis_hide_title":false,"_genesis_hide_breadcrumbs":false,"_genesis_hide_singular_image":false,"_genesis_hide_footer_widgets":false,"_genesis_custom_body_class":"","_genesis_custom_post_class":"","_genesis_layout":"","footnotes":""},"class_list":{"0":"post-413","1":"page","2":"type-page","3":"status-publish","5":"entry"},"jetpack_sharing_enabled":true,"_links":{"self":[{"href":"https:\/\/corporefit365.com\/index.php?rest_route=\/wp\/v2\/pages\/413","targetHints":{"allow":["GET"]}}],"collection":[{"href":"https:\/\/corporefit365.com\/index.php?rest_route=\/wp\/v2\/pages"}],"about":[{"href":"https:\/\/corporefit365.com\/index.php?rest_route=\/wp\/v2\/types\/page"}],"author":[{"embeddable":true,"href":"https:\/\/corporefit365.com\/index.php?rest_route=\/wp\/v2\/users\/1"}],"replies":[{"embeddable":true,"href":"https:\/\/corporefit365.com\/index.php?rest_route=%2Fwp%2Fv2%2Fcomments&post=413"}],"version-history":[{"count":7,"href":"https:\/\/corporefit365.com\/index.php?rest_route=\/wp\/v2\/pages\/413\/revisions"}],"predecessor-version":[{"id":1541,"href":"https:\/\/corporefit365.com\/index.php?rest_route=\/wp\/v2\/pages\/413\/revisions\/1541"}],"wp:attachment":[{"href":"https:\/\/corporefit365.com\/index.php?rest_route=%2Fwp%2Fv2%2Fmedia&parent=413"}],"curies":[{"name":"wp","href":"https:\/\/api.w.org\/{rel}","templated":true}]}}