{"id":443,"date":"2022-03-17T20:15:44","date_gmt":"2022-03-17T20:15:44","guid":{"rendered":"https:\/\/corporefit365.com\/?page_id=443"},"modified":"2022-03-28T21:22:50","modified_gmt":"2022-03-28T21:22:50","slug":"politica-de-privacidad","status":"publish","type":"page","link":"https:\/\/corporefit365.com\/?page_id=443","title":{"rendered":"Pol\u00edtica de privacidad"},"content":{"rendered":"\n<p><strong>POL\u00cdTICA DE PRIVACIDAD<\/strong><\/p>\n\n\n\n<p><strong>1. DATOS DEL RESPONSABLE DEL TRATAMIENTO<\/strong><\/p>\n\n\n\n<p>Raz\u00f3n Social: <a>CORPORE FIT 365, S.L. <\/a>(en adelante, la \u201cEmpresa\u201d o el \u201cResponsable\u201d).<br>CIF: B42804039<br>Domicilio: <a>Avenida Sol, n\u00ba 1, 45215 \u2013 El Viso de San Juan &#8211; Toledo<br><\/a>Tel\u00e9fono: 636485672<br>Email para comunicaciones en materia de Protecci\u00f3n de datos: info@corporefit365.com<\/p>\n\n\n\n<p><strong>1.1. Normativa aplicable<\/strong><\/p>\n\n\n\n<p>Nuestra Pol\u00edtica de Privacidad se ha dise\u00f1ado de acuerdo con el <strong>Reglamento General de Protecci\u00f3n de Datos de la UE 2016\/679 del Parlamento Europeo <\/strong>y del Consejo, de 27 de abril de 2016, relativo a la protecci\u00f3n de las personas f\u00edsicas en lo que respecta al tratamiento de datos personales y a la libre circulaci\u00f3n de estos datos y por el que se deroga la Directiva 95\/46\/CE (Reglamento general de protecci\u00f3n de datos), y la Ley Org\u00e1nica 3\/2018 del 5 de diciembre, de Protecci\u00f3n de Datos de Car\u00e1cter Personal y Garant\u00eda de los Derechos Digitales.<\/p>\n\n\n\n<p>Al facilitarnos sus datos, Usted declara haber le\u00eddo y conocer la presente Pol\u00edtica de Privacidad, prestando su consentimiento inequ\u00edvoco y expreso al tratamiento de sus datos personales de acuerdo a las finalidades y t\u00e9rminos aqu\u00ed expresados.<\/p>\n\n\n\n<p>La Empresa podr\u00e1 modificar la presente Pol\u00edtica de Privacidad para adaptarla a las novedades legislativas, jurisprudenciales o de interpretaci\u00f3n de la Agencia Espa\u00f1ola de Protecci\u00f3n de Datos. Estas condiciones de privacidad podr\u00e1n ser complementadas por el Aviso Legal, Pol\u00edtica de Cookies y las Condiciones Generales que, en su caso, se recojan para determinados productos o servicios, si dicho acceso supone alguna especialidad en materia de protecci\u00f3n de datos de car\u00e1cter personal.<\/p>\n\n\n\n<p><strong>1.2. Delegado de Protecci\u00f3n de Datos<\/strong><\/p>\n\n\n\n<p>No hay delegado de Protecci\u00f3n de Datos designado.<\/p>\n\n\n\n<p><strong>2. FINALIDAD DEL TRATAMIENTO DE LOS DATOS PERSONALES<\/strong><\/p>\n\n\n\n<p>El tratamiento que realizamos de sus datos personales responde a las siguientes finalidades:<\/p>\n\n\n\n<p>&#8211; Proporcionarle informaci\u00f3n relacionada con los productos y servicios que ofrece nuestra empresa y que detallan en este web site, siempre y cuando sea cliente o bien haya otorgado su previa autorizaci\u00f3n para el env\u00edo de estas comunicaciones.<\/p>\n\n\n\n<p>&#8211; Realizar la contrataci\u00f3n de nuestros servicios mediante la aceptaci\u00f3n del correspondiente pedido, en funci\u00f3n del tipo de tarifa elegida<\/p>\n\n\n\n<p>-Llevar a cabo la gesti\u00f3n contable, de facturaci\u00f3n o cobro, as\u00ed como la gesti\u00f3n del servicio en general, permitiendo el control de acceso a las instalaciones y el control de las actividades que lleva a cabo el socio.<\/p>\n\n\n\n<p>-Proceder al cobro mediante tarjeta bancaria a trav\u00e9s de la plataforma de pago \u201cUniversal Pay\u201d, PERMITIENDO el cobro tanto por TPV virtual o f\u00edsico. La plataforma de pago almacena los datos de las tarjetas del cliente con la \u00fanica finalidad de proceder a efectuar la transacci\u00f3n, sin que sean cedidos en ning\u00fan caso a entidades diferentes del propio banco del cliente, al que en ning\u00fan caso la Empresa tiene acceso. La citada plataforma de pago cumple los est\u00e1ndares de seguridad establecidos por la normativa PCI DSS, est\u00e1ndar a nivel mundial de Seguridad de Datos para la Industria de Tarjeta de Pago. En concreto, la normativa PCI DSS, que como decimos la plataforma de pago cumple de manera estricta, asegurando la confidencialidad, cifrado y dem\u00e1s medidas de seguridad que protegen de manera adecuada la informaci\u00f3n que se recaba para el pago, obliga a:<\/p>\n\n\n\n<p><strong>1.- CREAR Y MANTENER SISTEMAS Y UNA RED SEGUROS<\/strong><\/p>\n\n\n\n<p><strong>2.- PROTEGER LOS DATOS DE LOS TITULARES DE TARJETA<\/strong><\/p>\n\n\n\n<p><strong>3.-MANTENER UN PROGRAMA DE GESTI\u00d3N DE VULNERABILIDADES<\/strong><\/p>\n\n\n\n<p><strong>4.-APLICAR MEDIDAS S\u00d3LIDAS DE CONTROL DE ACCESO<\/strong><\/p>\n\n\n\n<p><strong>5.-VIGILAR Y VERIFICAR PERI\u00d3DICAMENTE LAS REDES<\/strong><\/p>\n\n\n\n<p><strong>6.-TENER UNA POL\u00cdTICA DE SEGURIDAD DE LA INFORMACI\u00d3N<\/strong><\/p>\n\n\n\n<p><strong>2.1. Plazo de Conservaci\u00f3n de sus datos<\/strong><\/p>\n\n\n\n<p>Conservaremos sus datos personales desde que nos d\u00e9 su consentimiento hasta que lo revoque o bien solicite la limitaci\u00f3n del tratamiento. En tales casos, mantendremos sus datos de manera bloqueada durante los plazos legalmente exigidos.<\/p>\n\n\n\n<p><strong>2.2. Pol\u00edtica de \u00e1rea de acceso restringido para clientes<\/strong><\/p>\n\n\n\n<p>Para entrar en las \u00e1reas de acceso restringido, los usuarios deber\u00e1n disponer de las claves de acceso correspondientes. <strong>La Empresa<\/strong> se reserva el derecho de aceptar o rechazar libremente la solicitud de registro de cualquier usuario. Los datos introducidos por los usuarios deber\u00e1n ser exactos, actuales, veraces y ser\u00e1n procesados y tratados en cumplimiento de la legislaci\u00f3n vigente en materia de protecci\u00f3n de datos personales.<\/p>\n\n\n\n<p>Los usuarios ser\u00e1n responsables en todo caso de la custodia de sus claves de acceso, por lo que ser\u00e1n de su exclusiva responsabilidad cualesquiera da\u00f1os y perjuicios que pudieran derivarse de un uso indebido de la misma, as\u00ed como de su extrav\u00edo o cualquier otra circunstancia que pudiera suponer un riesgo de acceso de utilizaci\u00f3n de la misma por terceros no autorizados. Los usuarios deber\u00e1n comunicarlo inmediatamente a la <strong>Empresa <\/strong>para que este proceda al bloqueo y a la sustituci\u00f3n de la misma.<\/p>\n\n\n\n<p><strong>2.3 Descarga de la app<\/strong><\/p>\n\n\n\n<p>El usuario, en el momento de registrarse y generarle una clave de acceso, podr\u00e1 optar por descargarse nuestra app directamente en su dispositivo. En caso de llevar a cabo dicha descarga, el hecho de hacerlo conllevar\u00e1 una acci\u00f3n clara y afirmativa que supone un consentimiento prestado por usted en los t\u00e9rminos del RGPD o Reglamento General de Protecci\u00f3n de Datos.<\/p>\n\n\n\n<p>En todo caso, sin perjuicio de lo indicando en el p\u00e1rrafo anterior, la app podr\u00e1 descargarse directamente en los siguientes enlaces de Android o IOS, aceptando con ello las respectivas pol\u00edticas de privacidad de los mismos:<\/p>\n\n\n\n<ul class=\"wp-block-list\"><li>Android: <a href=\"https:\/\/play.google.com\/store\/apps\/details?id=com.psapp_provis&amp;gl=ES\" target=\"_blank\" rel=\"noreferrer noopener\">https:\/\/play.google.com\/store\/apps\/details?id=com.psapp_provis&amp;gl=ES<\/a><\/li><li>IOS: <a href=\"https:\/\/apps.apple.com\/es\/app\/gimnasio-virtual\/id999321973\" target=\"_blank\" rel=\"noreferrer noopener\">https:\/\/apps.apple.com\/es\/app\/gimnasio-virtual\/id999321973<\/a><\/li><\/ul>\n\n\n\n<p><strong>3. LEGITIMACI\u00d3N Y DATOS RECABADOS<\/strong><\/p>\n\n\n\n<p>La legitimaci\u00f3n para el tratamiento de sus datos es el consentimiento expreso otorgado mediante un acto positivo y afirmativo (rellenar el formulario correspondiente y marcar la casilla de aceptaci\u00f3n de esta pol\u00edtica) en el momento de facilitarnos sus datos personales.<\/p>\n\n\n\n<p><strong>3.1. Consentimiento para tratar sus datos<\/strong><\/p>\n\n\n\n<p>Al rellenar los formularios, marcar la casilla \u201cAcepto la Pol\u00edtica de Privacidad\u201d y hacer clic para enviar los datos, o al remitir correos electr\u00f3nicos a la Empresa a trav\u00e9s de las cuentas habilitadas al efecto, el Usuario manifiesta haber le\u00eddo y aceptado expresamente la presente pol\u00edtica de privacidad, y otorga su consentimiento inequ\u00edvoco y expreso al tratamiento de sus datos personales conforme a las finalidades indicadas.<\/p>\n\n\n\n<p><strong>3.2. Categor\u00edas de datos<\/strong><\/p>\n\n\n\n<p>Los datos que se recaban se refieren a la categor\u00eda de datos identificativos, como pueden ser: Nombre y Apellidos, Tel\u00e9fono, Direcci\u00f3n Postal, Empresa, Correo electr\u00f3nico, as\u00ed como la direcci\u00f3n IP desde donde accede al formulario de recogida de datos.<\/p>\n\n\n\n<p><strong>4. MEDIDAS DE SEGURIDAD<\/strong><\/p>\n\n\n\n<p>Dentro de nuestro compromiso por garantizar la seguridad y confidencialidad de sus datos de car\u00e1cter personal, le informamos que se han adoptado las medidas de \u00edndole t\u00e9cnica y organizativas necesarias para garantizar la seguridad de los datos de car\u00e1cter personal y evitar su alteraci\u00f3n, p\u00e9rdida, tratamiento o acceso no autorizado, habida cuenta del estado de la tecnolog\u00eda, la naturaleza de los datos almacenados y los riesgos a que est\u00e9n expuestos, seg\u00fan el Art. 32 del RGPD EU 679\/2016.<\/p>\n\n\n\n<p><strong>5. CESI\u00d3N DE DATOS<\/strong><\/p>\n\n\n\n<p>No se prev\u00e9n cesiones de datos ni transferencias internacionales de sus datos, a excepci\u00f3n de las autorizadas por la legislaci\u00f3n fiscal, mercantil y de telecomunicaciones as\u00ed como en aquellos casos en los que una autoridad judicial nos lo requiera.<\/p>\n\n\n\n<p><strong>6. DERECHOS DEL USUARIO<\/strong><\/p>\n\n\n\n<p>Cualquier interesado tiene derecho a obtener confirmaci\u00f3n sobre si estamos tratando datos personales que le conciernan, o no. Las personas interesadas tienen derecho a acceder a sus datos personales, as\u00ed como a solicitar la rectificaci\u00f3n de los datos inexactos o, en su caso, solicitar su supresi\u00f3n cuando, entre otros motivos, los datos ya no sean necesarios para los fines que fueron recogidos. En determinadas circunstancias, los interesados podr\u00e1n solicitar la limitaci\u00f3n del tratamiento de sus datos, en cuyo caso \u00fanicamente los conservaremos para el ejercicio o la defensa de reclamaciones. Por motivos relacionados con su situaci\u00f3n particular, los interesados podr\u00e1n oponerse al tratamiento de sus datos. El Responsable del fichero dejar\u00e1 de tratar los datos, salvo por motivos leg\u00edtimos imperiosos, o el ejercicio o la defensa de posibles reclamaciones.<\/p>\n\n\n\n<p>De acuerdo con la legislaci\u00f3n vigente tiene los siguientes derechos: derecho a solicitar el acceso a sus datos personales, derecho a solicitar su rectificaci\u00f3n o supresi\u00f3n, derecho a solicitar la limitaci\u00f3n de su tratamiento, derecho a oponerse al tratamiento, derecho a la portabilidad de los datos y as\u00ed mismo, a revocar el consentimiento otorgado. Asimismo, tiene derecho a presentar una reclamaci\u00f3n ante la Agencia Espa\u00f1ola de Protecci\u00f3n de Datos.<\/p>\n\n\n\n<p><strong>6.1. \u00bfC\u00f3mo ejercitar mis derechos?<\/strong><\/p>\n\n\n\n<p>Para ejercer sus derechos, debe dirigirse al responsable, solicitando el correspondiente formulario para el ejercicio del derecho elegido. Opcionalmente, puede acudir a la Autoridad de Control competente para obtener informaci\u00f3n adicional acerca de sus derechos. Los datos de contacto para el ejercicio de sus derechos son el tel\u00e9fono <strong>636485672<\/strong> y el correo electr\u00f3nico: <strong>info@corporefit365.com<\/strong>. Recuerde acompa\u00f1ar una copia de un documento que nos permita identificarle.<\/p>\n\n\n\n<p><strong>7. CONSENTIMIENTO PARA ENV\u00cdO DE COMUNICACIONES ELECTR\u00d3NICAS<\/strong><\/p>\n\n\n\n<p>Asimismo, y de acuerdo con lo establecido en la Ley 34\/2002, de 11 de julio, de Servicios de la Sociedad de la Informaci\u00f3n y del Comercio Electr\u00f3nico, completando el formulario de recogida de datos y marcando la correspondiente casilla \u201cAcepto el env\u00edo de comunicaciones electr\u00f3nicas\u201d, est\u00e1 otorgando el consentimiento expreso para enviarle a su direcci\u00f3n de correo electr\u00f3nico, tel\u00e9fono, fax u otro medio electr\u00f3nico en env\u00edo de informaci\u00f3n acerca de la Empresa.<\/p>\n","protected":false},"excerpt":{"rendered":"<p>POL\u00cdTICA DE PRIVACIDAD 1. DATOS DEL RESPONSABLE DEL TRATAMIENTO Raz\u00f3n Social: CORPORE FIT 365, S.L. (en adelante, la \u201cEmpresa\u201d o el \u201cResponsable\u201d).CIF: B42804039Domicilio: Avenida Sol, n\u00ba 1, 45215 \u2013 El Viso de San Juan &#8211; ToledoTel\u00e9fono: 636485672Email para comunicaciones en materia de Protecci\u00f3n de datos: info@corporefit365.com 1.1. Normativa aplicable Nuestra Pol\u00edtica de Privacidad se ha [&hellip;]<\/p>\n","protected":false},"author":1,"featured_media":0,"parent":0,"menu_order":0,"comment_status":"closed","ping_status":"closed","template":"","meta":{"_genesis_hide_title":false,"_genesis_hide_breadcrumbs":false,"_genesis_hide_singular_image":false,"_genesis_hide_footer_widgets":false,"_genesis_custom_body_class":"","_genesis_custom_post_class":"","_genesis_layout":"","footnotes":""},"class_list":{"0":"post-443","1":"page","2":"type-page","3":"status-publish","5":"entry"},"jetpack_sharing_enabled":true,"_links":{"self":[{"href":"https:\/\/corporefit365.com\/index.php?rest_route=\/wp\/v2\/pages\/443","targetHints":{"allow":["GET"]}}],"collection":[{"href":"https:\/\/corporefit365.com\/index.php?rest_route=\/wp\/v2\/pages"}],"about":[{"href":"https:\/\/corporefit365.com\/index.php?rest_route=\/wp\/v2\/types\/page"}],"author":[{"embeddable":true,"href":"https:\/\/corporefit365.com\/index.php?rest_route=\/wp\/v2\/users\/1"}],"replies":[{"embeddable":true,"href":"https:\/\/corporefit365.com\/index.php?rest_route=%2Fwp%2Fv2%2Fcomments&post=443"}],"version-history":[{"count":23,"href":"https:\/\/corporefit365.com\/index.php?rest_route=\/wp\/v2\/pages\/443\/revisions"}],"predecessor-version":[{"id":486,"href":"https:\/\/corporefit365.com\/index.php?rest_route=\/wp\/v2\/pages\/443\/revisions\/486"}],"wp:attachment":[{"href":"https:\/\/corporefit365.com\/index.php?rest_route=%2Fwp%2Fv2%2Fmedia&parent=443"}],"curies":[{"name":"wp","href":"https:\/\/api.w.org\/{rel}","templated":true}]}}