{"id":1102,"date":"2017-04-17T10:59:09","date_gmt":"2017-04-17T10:59:09","guid":{"rendered":"https:\/\/corporefit365.com\/producto\/magnesio-gel-24-sobres"},"modified":"2017-04-17T10:59:09","modified_gmt":"2017-04-17T10:59:09","slug":"magnesio-gel-24-sobres","status":"publish","type":"product","link":"https:\/\/corporefit365.com\/?product=magnesio-gel-24-sobres","title":{"rendered":"MAGNESIO GEL 24 SOBRES"},"content":{"rendered":"<p><span style=\"color:#000000;\">Retrasar la fatiga, y dolores musculares<\/span><\/p>\n<div class=\"page\" title=\"Page 1\">\n<div class=\"section\">\n<div class=\"layoutArea\">\n<div class=\"column\">\n<p><span style=\"color:#000000;\">Evitar calambres musculares<\/span><\/p>\n<p><span style=\"color:#000000;\">Contiene vitamina B6 y fructosa<\/span><\/p>\n<p><span style=\"color:#000000;\">250 mg de Magnesio por gel<\/span><\/p>\n<\/p><\/div>\n<\/p><\/div>\n<\/p><\/div>\n<\/p><\/div>\n<p><span style=\"color:#000000;\">Modo de empleo:<\/span><\/p>\n<\/p>\n<div class=\"page\" title=\"Page 2\">\n<div class=\"layoutArea\">\n<div class=\"column\">\n<ul>\n<li>\n<p><span style=\"color:#000000;\">&#8211; \u00a01 dosis antes de dormir como relajante muscular en d\u00edas de mucha carga f\u00edsica<\/span><\/p>\n<\/li>\n<li>\n<p><span style=\"color:#000000;\">&#8211; \u00a0Suplementaci\u00f3n espor\u00e1dica: 1 dosis de antes y\/o durante el ejercicio para la prevenci\u00f3n de calambres. Pure Magnesio puede mezclarse en el bid\u00f3n de Sport<\/span><\/p>\n<p><span style=\"color:#000000;\">Drink<\/span><\/p>\n<\/li>\n<li>\n<p><span style=\"color:#000000;\">&#8211; \u00a0Preparaci\u00f3n competiciones larga distancia: 1 dosis durante los 5 d\u00edas previos<\/span><\/p>\n<\/li>\n<li>\n<p><span style=\"color:#000000;\">&#8211; \u00a0Durante competici\u00f3n: Entre 1 y 3 tomas de magnesio seg\u00fan el desgaste f\u00edsico y la <\/span><\/p>\n<p><span style=\"color:#000000;\">sudoraci\u00f3n<\/span><\/p>\n<\/li>\n<\/ul>\n<\/div><\/div>\n<\/p><\/div><\/p>\n","protected":false},"excerpt":{"rendered":"<h3><span style=\"color:#000000;\">Magnesio Gel 24 sobres<\/span><\/h3>\n<p><span style=\"color:#000000;\">Caja de 24 geles de 25 ml<\/span><\/p>\n","protected":false},"featured_media":1101,"comment_status":"open","ping_status":"closed","template":"","meta":{"_genesis_hide_title":false,"_genesis_hide_breadcrumbs":false,"_genesis_hide_singular_image":false,"_genesis_hide_footer_widgets":false,"_genesis_custom_body_class":"","_genesis_custom_post_class":"","_genesis_layout":""},"product_brand":[],"product_cat":[38,55,73,39,89],"product_tag":[615,616,729,734,733,728],"class_list":{"0":"post-1102","1":"product","2":"type-product","3":"status-publish","4":"has-post-thumbnail","6":"product_cat-fitness-y-musculacion","7":"product_cat-gel-energetico","8":"product_cat-recuperacion","9":"product_cat-endurance","10":"product_cat-vitaminas-y-minerales","11":"product_tag-gel","12":"product_tag-geles","13":"product_tag-magnesio","14":"product_tag-magnesio-gel","15":"product_tag-magnesio-sport","16":"product_tag-mg","17":"entry","19":"first","20":"instock","21":"taxable","22":"shipping-taxable","23":"purchasable","24":"product-type-simple"},"jetpack_sharing_enabled":true,"_links":{"self":[{"href":"https:\/\/corporefit365.com\/index.php?rest_route=\/wp\/v2\/product\/1102","targetHints":{"allow":["GET"]}}],"collection":[{"href":"https:\/\/corporefit365.com\/index.php?rest_route=\/wp\/v2\/product"}],"about":[{"href":"https:\/\/corporefit365.com\/index.php?rest_route=\/wp\/v2\/types\/product"}],"replies":[{"embeddable":true,"href":"https:\/\/corporefit365.com\/index.php?rest_route=%2Fwp%2Fv2%2Fcomments&post=1102"}],"wp:featuredmedia":[{"embeddable":true,"href":"https:\/\/corporefit365.com\/index.php?rest_route=\/wp\/v2\/media\/1101"}],"wp:attachment":[{"href":"https:\/\/corporefit365.com\/index.php?rest_route=%2Fwp%2Fv2%2Fmedia&parent=1102"}],"wp:term":[{"taxonomy":"product_brand","embeddable":true,"href":"https:\/\/corporefit365.com\/index.php?rest_route=%2Fwp%2Fv2%2Fproduct_brand&post=1102"},{"taxonomy":"product_cat","embeddable":true,"href":"https:\/\/corporefit365.com\/index.php?rest_route=%2Fwp%2Fv2%2Fproduct_cat&post=1102"},{"taxonomy":"product_tag","embeddable":true,"href":"https:\/\/corporefit365.com\/index.php?rest_route=%2Fwp%2Fv2%2Fproduct_tag&post=1102"}],"curies":[{"name":"wp","href":"https:\/\/api.w.org\/{rel}","templated":true}]}}