{"id":1106,"date":"2017-04-18T15:17:07","date_gmt":"2017-04-18T15:17:07","guid":{"rendered":"https:\/\/corporefit365.com\/producto\/vitamina-ce"},"modified":"2023-11-20T14:35:59","modified_gmt":"2023-11-20T14:35:59","slug":"vitamina-ce","status":"publish","type":"product","link":"https:\/\/corporefit365.com\/?product=vitamina-ce","title":{"rendered":"VITAMINA C+E"},"content":{"rendered":"<p><span style=\"color:#000000;\">Vitamina C+E 100% natural<\/span><\/p>\n<p><span style=\"color:#000000;\">Comprimidos masticables<\/span><\/p>\n<p><span style=\"color:#000000;\">Cada comprimido contiene:<\/span><\/p>\n<ul>\n<li><span style=\"color:#000000;\">500 mg de\u00a0Vitamina C<\/span><\/li>\n<li><span style=\"color:#000000;\">200 mg de vitamina E<\/span><\/li>\n<\/ul>\n<div class=\"page\" title=\"Page 1\">\n<div class=\"layoutArea\">\n<div class=\"column\"><span style=\"color:#000000;\"><span style=\"text-decoration:underline;\">Vitamina C<\/span>: Vitamina hidrosoluble con importantes propiedades antioxidantes. Protege de los radicales libres generados durante la pr\u00e1ctica de ejercicio intenso y retrasa los procesos degenerativos y de envejecimiento prematuro. Destaca tambi\u00e9n por otras actividades: participa en la regeneraci\u00f3n muscular, facilita la absorci\u00f3n de hierro, fortalece las paredes de los vasos capilares, rebaja los niveles de colesterol e incrementa la resistencia a las enfermedades infecciosas reforzando el sistema inmunol\u00f3gico.<\/span><\/p>\n<p><span style=\"color:#000000;\"><span style=\"text-decoration:underline;\">Vitamina E<\/span>: Vitamina liposoluble que act\u00faa dentro del organismo como agente antioxidante. Reacciona con los radicales libres y evita la destrucci\u00f3n de \u00abc\u00e9lulas buenas\u201d. Estados carenciales de vitamina E han demostrado causar problemas en la reproducci\u00f3n, distrofia muscular y alteraciones en el sistema nervioso como el cardiovascular. Es considerada una vitamina cardio-protectora y rejuvenecedora.\u00a0<\/span><\/p>\n<\/p><\/div>\n<\/p><\/div>\n<\/p><\/div>\n<\/p>\n<div class=\"layoutArea\">\n<div class=\"column\"><\/div>\n<\/p><\/div>\n","protected":false},"excerpt":{"rendered":"<h3><span style=\"color:#000000;\">Vitamin C+E<\/span><\/h3>\n<p><span style=\"color:#000000;\">Bolsa de 60\u00a0comprimidos masticables<\/span><\/p>\n","protected":false},"featured_media":1105,"comment_status":"open","ping_status":"closed","template":"","meta":{"_genesis_hide_title":false,"_genesis_hide_breadcrumbs":false,"_genesis_hide_singular_image":false,"_genesis_hide_footer_widgets":false,"_genesis_custom_body_class":"","_genesis_custom_post_class":"","_genesis_layout":""},"product_brand":[],"product_cat":[38,89],"product_tag":[737,736,738],"class_list":{"0":"post-1106","1":"product","2":"type-product","3":"status-publish","4":"has-post-thumbnail","6":"product_cat-fitness-y-musculacion","7":"product_cat-vitaminas-y-minerales","8":"product_tag-vitamin","9":"product_tag-vitamina","10":"product_tag-vitaminas-ce","11":"entry","13":"first","14":"outofstock","15":"taxable","16":"shipping-taxable","17":"purchasable","18":"product-type-simple"},"jetpack_sharing_enabled":true,"_links":{"self":[{"href":"https:\/\/corporefit365.com\/index.php?rest_route=\/wp\/v2\/product\/1106","targetHints":{"allow":["GET"]}}],"collection":[{"href":"https:\/\/corporefit365.com\/index.php?rest_route=\/wp\/v2\/product"}],"about":[{"href":"https:\/\/corporefit365.com\/index.php?rest_route=\/wp\/v2\/types\/product"}],"replies":[{"embeddable":true,"href":"https:\/\/corporefit365.com\/index.php?rest_route=%2Fwp%2Fv2%2Fcomments&post=1106"}],"wp:featuredmedia":[{"embeddable":true,"href":"https:\/\/corporefit365.com\/index.php?rest_route=\/wp\/v2\/media\/1105"}],"wp:attachment":[{"href":"https:\/\/corporefit365.com\/index.php?rest_route=%2Fwp%2Fv2%2Fmedia&parent=1106"}],"wp:term":[{"taxonomy":"product_brand","embeddable":true,"href":"https:\/\/corporefit365.com\/index.php?rest_route=%2Fwp%2Fv2%2Fproduct_brand&post=1106"},{"taxonomy":"product_cat","embeddable":true,"href":"https:\/\/corporefit365.com\/index.php?rest_route=%2Fwp%2Fv2%2Fproduct_cat&post=1106"},{"taxonomy":"product_tag","embeddable":true,"href":"https:\/\/corporefit365.com\/index.php?rest_route=%2Fwp%2Fv2%2Fproduct_tag&post=1106"}],"curies":[{"name":"wp","href":"https:\/\/api.w.org\/{rel}","templated":true}]}}