{"id":1110,"date":"2017-04-18T15:56:40","date_gmt":"2017-04-18T15:56:40","guid":{"rendered":"https:\/\/corporefit365.com\/producto\/daily-vitamin"},"modified":"2017-04-18T15:56:40","modified_gmt":"2017-04-18T15:56:40","slug":"daily-vitamin","status":"publish","type":"product","link":"https:\/\/corporefit365.com\/?product=daily-vitamin","title":{"rendered":"DAILY VITAMIN"},"content":{"rendered":"<p><span style=\"color:#000000;\">Vitamin Daily<\/span><\/p>\n<p><span style=\"color:#000000;\">Comprimidos masticables<\/span><\/p>\n<p><span style=\"color:#000000;\">Funciones Vitamin Daily:<\/span><\/p>\n<div title=\"Page 1\" class=\"page\">\n<div class=\"layoutArea\">\n<div class=\"column\">\n<ul>\n<li><span style=\"color:#000000;\">&#8211; \u00a0<span style=\"text-decoration:underline;\">Vitamina B1, B2, B3, B5, B6, B8, B9, B12 <\/span><span style=\"text-decoration:underline;\"><span style=\"text-decoration:underline;\">(100% VRN*)<\/span><\/span>: Las vitaminas del grupo B intervienen en los procesos de absorci\u00f3n de numerosos nutrientes, son esenciales para la obtenci\u00f3n de energ\u00eda y refuerzan el sistema nervioso e inmunol\u00f3gico. Las vitaminas hidrosolubles presentan la capacidad de solubilizarse en medio acuoso, lo que permite que el organismo pueda eliminar posibles excesos.<\/span><\/li>\n<li><span style=\"color:#000000;\">&#8211; \u00a0<span style=\"text-decoration:underline;\">Vitamina C <\/span><span style=\"text-decoration:underline;\"><span style=\"text-decoration:underline;\">(100% VRN*)<\/span><\/span>: Actividad antioxidante. Nos protege del desgaste interno provocado por los radicales libres generados durante el ejercicio y retrasa los procesos degenerativos, mejorando la recuperaci\u00f3n. Tambi\u00e9n refuerza el sistema inmune y protege de infecciones.<\/span><\/li>\n<li><span style=\"color:#000000;\">&#8211; \u00a0<span style=\"text-decoration:underline;\">Vitamina A <\/span><span style=\"text-decoration:underline;\"><span style=\"text-decoration:underline;\">(25% VRN*)<\/span><\/span>: Refuerza el sistema inmunol\u00f3gico, protegi\u00e9ndolo de posibles infecciones derivadas del estr\u00e9s f\u00edsico que sufren los deportistas. Es tambi\u00e9n un potente agente antioxidante y mejora la salud \u00f3sea y ocular.<\/span><\/li>\n<li><span style=\"color:#000000;\"><span style=\"text-decoration:underline;\"><span style=\"text-decoration:underline;\">&#8211; \u00a0Vitamina D <\/span><span style=\"text-decoration:underline;\">(25% VRN*)<\/span><\/span>: interviene en la absorci\u00f3n de calcio y f\u00f3sforo (mejora la salud \u00f3sea).<\/span><\/li>\n<li><span style=\"color:#000000;\"><span style=\"text-decoration:underline;\"><span style=\"text-decoration:underline;\">&#8211; \u00a0Vitamina E <\/span><span style=\"text-decoration:underline;\">(25% VRN*)<\/span><\/span>: Actividad antioxidante. Reacciona con los radicales y evita que tengan lugar consecuentes procesos degenerativos que ralentizar\u00edan los procesos de recuperaci\u00f3n. Es considerada una vitamina cardioprotectora y rejuvenecedora.<\/span><\/li>\n<\/ul>\n<\/div><\/div>\n<\/p><\/div>\n","protected":false},"excerpt":{"rendered":"<h3><span style=\"color:#000000;\">Vitamin Daily<\/span><\/h3>\n<p><span style=\"color:#000000;\">Bote de 90\u00a0comprimidos<\/span><\/p>\n<p><strong><span style=\"color:#000000;\">DISPONIBLE 1 UNIDAD<\/span><\/strong><\/p>\n","protected":false},"featured_media":1109,"comment_status":"open","ping_status":"closed","template":"","meta":{"_genesis_hide_title":false,"_genesis_hide_breadcrumbs":false,"_genesis_hide_singular_image":false,"_genesis_hide_footer_widgets":false,"_genesis_custom_body_class":"","_genesis_custom_post_class":"","_genesis_layout":""},"product_brand":[],"product_cat":[38,89],"product_tag":[742,737,741,736],"class_list":{"0":"post-1110","1":"product","2":"type-product","3":"status-publish","4":"has-post-thumbnail","6":"product_cat-fitness-y-musculacion","7":"product_cat-vitaminas-y-minerales","8":"product_tag-daily-vitamin","9":"product_tag-vitamin","10":"product_tag-vitamin-daily","11":"product_tag-vitamina","12":"entry","14":"first","15":"instock","16":"taxable","17":"shipping-taxable","18":"purchasable","19":"product-type-simple"},"jetpack_sharing_enabled":true,"_links":{"self":[{"href":"https:\/\/corporefit365.com\/index.php?rest_route=\/wp\/v2\/product\/1110","targetHints":{"allow":["GET"]}}],"collection":[{"href":"https:\/\/corporefit365.com\/index.php?rest_route=\/wp\/v2\/product"}],"about":[{"href":"https:\/\/corporefit365.com\/index.php?rest_route=\/wp\/v2\/types\/product"}],"replies":[{"embeddable":true,"href":"https:\/\/corporefit365.com\/index.php?rest_route=%2Fwp%2Fv2%2Fcomments&post=1110"}],"wp:featuredmedia":[{"embeddable":true,"href":"https:\/\/corporefit365.com\/index.php?rest_route=\/wp\/v2\/media\/1109"}],"wp:attachment":[{"href":"https:\/\/corporefit365.com\/index.php?rest_route=%2Fwp%2Fv2%2Fmedia&parent=1110"}],"wp:term":[{"taxonomy":"product_brand","embeddable":true,"href":"https:\/\/corporefit365.com\/index.php?rest_route=%2Fwp%2Fv2%2Fproduct_brand&post=1110"},{"taxonomy":"product_cat","embeddable":true,"href":"https:\/\/corporefit365.com\/index.php?rest_route=%2Fwp%2Fv2%2Fproduct_cat&post=1110"},{"taxonomy":"product_tag","embeddable":true,"href":"https:\/\/corporefit365.com\/index.php?rest_route=%2Fwp%2Fv2%2Fproduct_tag&post=1110"}],"curies":[{"name":"wp","href":"https:\/\/api.w.org\/{rel}","templated":true}]}}