{"id":1123,"date":"2017-04-18T21:01:27","date_gmt":"2017-04-18T21:01:27","guid":{"rendered":"https:\/\/corporefit365.com\/producto\/artrinutril-455"},"modified":"2017-04-18T21:01:27","modified_gmt":"2017-04-18T21:01:27","slug":"artrinutril-455","status":"publish","type":"product","link":"https:\/\/corporefit365.com\/?product=artrinutril-455","title":{"rendered":"ARTRINUTRIL 455"},"content":{"rendered":"<p><span style=\"color:#000000;\">Nueva formula mejorada<\/span><\/p>\n<p><span style=\"color:#000000;\">Indicado para fortalecer articulaciones, tendones, y ligamentos<\/span><\/p>\n<p><span style=\"color:#000000;\">Contiene medidor<\/span><\/p>\n<p><span style=\"color:#000000;\">1 sabor: Naranja<\/span><\/p>\n<p><span style=\"color:#000000;\">Funciones:<\/span><\/p>\n<\/p>\n<div class=\"page\" title=\"Page 1\">\n<div class=\"section\">\n<div class=\"layoutArea\">\n<div class=\"column\">\n<ul>\n<li><span style=\"color:#000000;\">El col\u00e1geno hidrolizado y\u00a0el aporte de glucosamina y condroit\u00edn sulfato, act\u00faan directamente en el<\/span><\/li>\n<li><span style=\"color:#000000;\">fortalecimiento de la musculatura y las articulaciones.<\/span><\/li>\n<li><span style=\"color:#000000;\">Acido hialur\u00f3nico: Con importantes propiedades hidratantes, destaca por su presencia en el l\u00edquido sinovial y en el tejido articular.<\/span><\/li>\n<li><span style=\"color:#000000;\">MSM (el Metil-Sulfonil-Meta): Es una fuente natural de azufre, act\u00faa como lubricante natural y es esencial en la s\u00edntesis de tejido conectivo. vitaminas y minerales: Participan directamente en el refuerzo de la salud \u00f3sea y articular y mejoran la asimilaci\u00f3n del resto de nutrientes.<\/span><\/li>\n<\/ul>\n<p><span style=\"color:#000000;\">Lo que convierte a ARTRINUTRIL en una gran soluci\u00f3n para aquellos deportistas que sufren a causa del desgaste ocasionado por el ejercicio f\u00edsico.\u00a0<\/span><\/p>\n<\/p><\/div>\n<\/p><\/div>\n<\/p><\/div>\n<\/p><\/div><\/p>\n","protected":false},"excerpt":{"rendered":"<h3><span style=\"color:#000000;\">Atrtrinutril 455 sabor Naranja<\/span><\/h3>\n<p><span style=\"color:#000000;\">Bote de 455 g<\/span><\/p>\n","protected":false},"featured_media":1122,"comment_status":"open","ping_status":"closed","template":"","meta":{"_genesis_hide_title":false,"_genesis_hide_breadcrumbs":false,"_genesis_hide_singular_image":false,"_genesis_hide_footer_widgets":false,"_genesis_custom_body_class":"","_genesis_custom_post_class":"","_genesis_layout":""},"product_brand":[],"product_cat":[50],"product_tag":[761,760,762,763],"class_list":{"0":"post-1123","1":"product","2":"type-product","3":"status-publish","4":"has-post-thumbnail","6":"product_cat-proteccion-articular","7":"product_tag-articulaciones","8":"product_tag-artrinutril","9":"product_tag-artrinutril-455","10":"product_tag-artrinutril-polvo","11":"entry","13":"first","14":"instock","15":"taxable","16":"shipping-taxable","17":"purchasable","18":"product-type-simple"},"jetpack_sharing_enabled":true,"_links":{"self":[{"href":"https:\/\/corporefit365.com\/index.php?rest_route=\/wp\/v2\/product\/1123","targetHints":{"allow":["GET"]}}],"collection":[{"href":"https:\/\/corporefit365.com\/index.php?rest_route=\/wp\/v2\/product"}],"about":[{"href":"https:\/\/corporefit365.com\/index.php?rest_route=\/wp\/v2\/types\/product"}],"replies":[{"embeddable":true,"href":"https:\/\/corporefit365.com\/index.php?rest_route=%2Fwp%2Fv2%2Fcomments&post=1123"}],"wp:featuredmedia":[{"embeddable":true,"href":"https:\/\/corporefit365.com\/index.php?rest_route=\/wp\/v2\/media\/1122"}],"wp:attachment":[{"href":"https:\/\/corporefit365.com\/index.php?rest_route=%2Fwp%2Fv2%2Fmedia&parent=1123"}],"wp:term":[{"taxonomy":"product_brand","embeddable":true,"href":"https:\/\/corporefit365.com\/index.php?rest_route=%2Fwp%2Fv2%2Fproduct_brand&post=1123"},{"taxonomy":"product_cat","embeddable":true,"href":"https:\/\/corporefit365.com\/index.php?rest_route=%2Fwp%2Fv2%2Fproduct_cat&post=1123"},{"taxonomy":"product_tag","embeddable":true,"href":"https:\/\/corporefit365.com\/index.php?rest_route=%2Fwp%2Fv2%2Fproduct_tag&post=1123"}],"curies":[{"name":"wp","href":"https:\/\/api.w.org\/{rel}","templated":true}]}}