{"id":1125,"date":"2017-04-18T21:21:41","date_gmt":"2017-04-18T21:21:41","guid":{"rendered":"https:\/\/corporefit365.com\/producto\/artrinutril-sport-joint"},"modified":"2017-04-18T21:21:41","modified_gmt":"2017-04-18T21:21:41","slug":"artrinutril-sport-joint","status":"publish","type":"product","link":"https:\/\/corporefit365.com\/?product=artrinutril-sport-joint","title":{"rendered":"ARTRINUTRIL SPORT JOINT"},"content":{"rendered":"<\/p>\n<p><span style=\"color:#000000;\">Indicado para fortalecer articulaciones, tendones, y ligamentos.<\/span><\/p>\n<p><span style=\"color:#000000;\">Funciones:<\/span><\/p>\n<div class=\"page\" title=\"Page 1\">\n<div class=\"layoutArea\">\n<div class=\"column\">\n<ul>\n<li>\n<p><span style=\"color:#000000;\">&#8211; \u00a0Col\u00e1geno hidrolizado: aporta prote\u00edna que favorece la<br \/>regeneraci\u00f3n del col\u00e1geno articular as\u00ed como de tejidos<br \/>ligamentosos, tendinosos y \u00f3seos. Dada su ausencia en la<br \/>dieta habitual, resulta necesario complementarlo para compensar el deterioro causado por la actividad f\u00edsica. <\/span><\/p>\n<\/li>\n<li>\n<p><span style=\"color:#000000;\">&#8211; \u00a0Glucosamina &amp; Condroit\u00edn: imprescindibles para reforzar las articulaciones. <\/span><\/p>\n<\/li>\n<li>\n<p><span style=\"color:#000000;\">&#8211; \u00a0Extracto de Harpagofito: extracto natural con propiedades antiinflamatorias <\/span><\/p>\n<p><span style=\"color:#000000;\">muy recomendado en casos de dolores articulares, reum\u00e1ticos y artr\u00edticos. <\/span><\/p>\n<\/li>\n<li>\n<p><span style=\"color:#000000;\">&#8211; \u00a0Metil-Sulfonil-Metano (MSM): fuente de azufre natural y esencial en la s\u00edntesis de tejido conectivo. Adem\u00e1s act\u00faa como \u201clubricante natural\u201d. <\/span><\/p>\n<\/li>\n<li>\n<p><span style=\"color:#000000;\">&#8211; \u00a0\u00c1cido Hialur\u00f3nico: destaca por su presencia en el l\u00edquido sinovial y en el tejido articular. Adem\u00e1s posee propiedades altamente hidratantes. <\/span><\/p>\n<\/li>\n<li>\n<p><span style=\"color:#000000;\">&#8211; \u00a0Magnesio: participa en la construcci\u00f3n de los tejidos con col\u00e1geno y en la lubricaci\u00f3n de articulaciones. <\/span><\/p>\n<\/li>\n<li>\n<p><span style=\"color:#000000;\">&#8211; \u00a0Vitamina C: vitamina con importante papel antioxidante y necesaria para la reparaci\u00f3n y s\u00edntesis de los tejidos en el organismo. <\/span><\/p>\n<\/li>\n<li>\n<p><span style=\"color:#000000;\">&#8211; \u00a0Zinc y Manganeso: ambos oligoelementos resultan indispensables para la salud \u00f3sea, as\u00ed como en la s\u00edntesis de cart\u00edlago y l\u00edquido sinovial.\u00a0<\/span><\/p>\n<\/li>\n<\/ul>\n<\/div><\/div>\n<\/p><\/div>\n<div class=\"page\" title=\"Page 1\">\n<div class=\"section\">\n<div class=\"layoutArea\">\n<div class=\"column\"><\/div>\n<\/p><\/div>\n<\/p><\/div>\n<\/p><\/div>\n","protected":false},"excerpt":{"rendered":"<h3><span style=\"color:#000000;\">Atrtrinutril Sport Joint<\/span><\/h3>\n<p><span style=\"color:#000000;\">Bote de 160 comprimidos<\/span><\/p>\n<p><strong><span style=\"color:#000000;\">AGOTADO<\/span><\/strong><\/p>\n","protected":false},"featured_media":1124,"comment_status":"open","ping_status":"closed","template":"","meta":{"_genesis_hide_title":false,"_genesis_hide_breadcrumbs":false,"_genesis_hide_singular_image":false,"_genesis_hide_footer_widgets":false,"_genesis_custom_body_class":"","_genesis_custom_post_class":"","_genesis_layout":""},"product_brand":[],"product_cat":[37,50,51],"product_tag":[764,761,766,760,767,765],"class_list":{"0":"post-1125","1":"product","2":"type-product","3":"status-publish","4":"has-post-thumbnail","6":"product_cat-inicio","7":"product_cat-proteccion-articular","8":"product_cat-promociones","9":"product_tag-articulacion","10":"product_tag-articulaciones","11":"product_tag-artrinuril-sport-joint","12":"product_tag-artrinutril","13":"product_tag-artrinutril-sport","14":"product_tag-sport-joint","15":"entry","17":"first","18":"outofstock","19":"taxable","20":"shipping-taxable","21":"purchasable","22":"product-type-simple"},"jetpack_sharing_enabled":true,"_links":{"self":[{"href":"https:\/\/corporefit365.com\/index.php?rest_route=\/wp\/v2\/product\/1125","targetHints":{"allow":["GET"]}}],"collection":[{"href":"https:\/\/corporefit365.com\/index.php?rest_route=\/wp\/v2\/product"}],"about":[{"href":"https:\/\/corporefit365.com\/index.php?rest_route=\/wp\/v2\/types\/product"}],"replies":[{"embeddable":true,"href":"https:\/\/corporefit365.com\/index.php?rest_route=%2Fwp%2Fv2%2Fcomments&post=1125"}],"wp:featuredmedia":[{"embeddable":true,"href":"https:\/\/corporefit365.com\/index.php?rest_route=\/wp\/v2\/media\/1124"}],"wp:attachment":[{"href":"https:\/\/corporefit365.com\/index.php?rest_route=%2Fwp%2Fv2%2Fmedia&parent=1125"}],"wp:term":[{"taxonomy":"product_brand","embeddable":true,"href":"https:\/\/corporefit365.com\/index.php?rest_route=%2Fwp%2Fv2%2Fproduct_brand&post=1125"},{"taxonomy":"product_cat","embeddable":true,"href":"https:\/\/corporefit365.com\/index.php?rest_route=%2Fwp%2Fv2%2Fproduct_cat&post=1125"},{"taxonomy":"product_tag","embeddable":true,"href":"https:\/\/corporefit365.com\/index.php?rest_route=%2Fwp%2Fv2%2Fproduct_tag&post=1125"}],"curies":[{"name":"wp","href":"https:\/\/api.w.org\/{rel}","templated":true}]}}