{"id":1261,"date":"2017-11-05T17:23:15","date_gmt":"2017-11-05T17:23:15","guid":{"rendered":"https:\/\/corporefit365.com\/producto\/advanced-whey-2200"},"modified":"2017-11-05T17:23:15","modified_gmt":"2017-11-05T17:23:15","slug":"advanced-whey-2200","status":"publish","type":"product","link":"https:\/\/corporefit365.com\/?product=advanced-whey-2200","title":{"rendered":"ADVANCED WHEY 2200"},"content":{"rendered":"<p><span style=\"color:#000000;\">75% Prote\u00edna de Concentrado de Suero con elevado % de BCAA&#8217;s.<\/span><\/p>\n<p><span style=\"color:#000000;\">Alto contenido en prote\u00edna.<\/span><\/p>\n<p><span style=\"color:#000000;\">De r\u00e1pida absorci\u00f3n y f\u00e1cil digestibilidad.<\/span><\/p>\n<p><span style=\"color:#000000;\">Contiene complejo enzim\u00e1tico EnzyMax\u00ae*.<\/span><\/p>\n<p><span style=\"color:#000000;\">Aporta vitamina B6 y B12.<\/span><\/p>\n<p><span style=\"color:#000000;\">Baja en grasas y en azucares.<\/span><\/p>\n<p><span style=\"color:#000000;\">Las prote\u00ednas son la base estructural de nuestra musculatura.<\/span><\/p>\n<p><span style=\"color:#000000;\">4 sabores: Choco Milk, White Chocolate, Vainilla, Strawberry Cheesecake.<\/span><\/p>\n<p><span style=\"color:#000000;\">Contiene dosificador.<\/span><\/p>\n<p><span style=\"color:#000000;\">*\u00a0Interviene mejorando la digestibilidad de las prote\u00ednas y amino\u00e1cidos, y a su vez, optimizando la absorci\u00f3n y utilizaci\u00f3n de \u00e9stos.<\/span><\/p><\/p>\n","protected":false},"excerpt":{"rendered":"<h3><span style=\"color:#000000;\">Advanced Whey 2200 en 4 sabores<\/span><\/h3>\n<p><span style=\"color:#000000;\">Bote de polvo 2200 g<\/span><\/p>\n","protected":false},"featured_media":1257,"comment_status":"open","ping_status":"closed","template":"","meta":{"_genesis_hide_title":false,"_genesis_hide_breadcrumbs":false,"_genesis_hide_singular_image":false,"_genesis_hide_footer_widgets":false,"_genesis_custom_body_class":"","_genesis_custom_post_class":"","_genesis_layout":""},"product_brand":[],"product_cat":[38,95,85,49,51],"product_tag":[927,928,119],"class_list":{"0":"post-1261","1":"product","2":"type-product","3":"status-publish","4":"has-post-thumbnail","6":"product_cat-fitness-y-musculacion","7":"product_cat-concentrado-de-suero","8":"product_cat-proteinas","9":"product_cat-invicted","10":"product_cat-promociones","11":"product_tag-advanced","12":"product_tag-advanced-whey","13":"product_tag-proteina","14":"entry","16":"first","17":"instock","18":"taxable","19":"shipping-taxable","20":"purchasable","21":"product-type-simple"},"jetpack_sharing_enabled":true,"_links":{"self":[{"href":"https:\/\/corporefit365.com\/index.php?rest_route=\/wp\/v2\/product\/1261","targetHints":{"allow":["GET"]}}],"collection":[{"href":"https:\/\/corporefit365.com\/index.php?rest_route=\/wp\/v2\/product"}],"about":[{"href":"https:\/\/corporefit365.com\/index.php?rest_route=\/wp\/v2\/types\/product"}],"replies":[{"embeddable":true,"href":"https:\/\/corporefit365.com\/index.php?rest_route=%2Fwp%2Fv2%2Fcomments&post=1261"}],"wp:featuredmedia":[{"embeddable":true,"href":"https:\/\/corporefit365.com\/index.php?rest_route=\/wp\/v2\/media\/1257"}],"wp:attachment":[{"href":"https:\/\/corporefit365.com\/index.php?rest_route=%2Fwp%2Fv2%2Fmedia&parent=1261"}],"wp:term":[{"taxonomy":"product_brand","embeddable":true,"href":"https:\/\/corporefit365.com\/index.php?rest_route=%2Fwp%2Fv2%2Fproduct_brand&post=1261"},{"taxonomy":"product_cat","embeddable":true,"href":"https:\/\/corporefit365.com\/index.php?rest_route=%2Fwp%2Fv2%2Fproduct_cat&post=1261"},{"taxonomy":"product_tag","embeddable":true,"href":"https:\/\/corporefit365.com\/index.php?rest_route=%2Fwp%2Fv2%2Fproduct_tag&post=1261"}],"curies":[{"name":"wp","href":"https:\/\/api.w.org\/{rel}","templated":true}]}}