{"id":1274,"date":"2017-11-05T19:11:50","date_gmt":"2017-11-05T19:11:50","guid":{"rendered":"https:\/\/corporefit365.com\/producto\/iso-lean-1815"},"modified":"2017-11-05T19:11:50","modified_gmt":"2017-11-05T19:11:50","slug":"iso-lean-1815","status":"publish","type":"product","link":"https:\/\/corporefit365.com\/?product=iso-lean-1815","title":{"rendered":"ISO LEAN 1815"},"content":{"rendered":"<p><span style=\"color:#000000;\">Prote\u00edna del mas alto Valor Biol\u00f3gico.<\/span><\/p>\n<p><span style=\"color:#000000;\">Alto contenido en prote\u00edna, mas del 85% (sabor neutro).<\/span><\/p>\n<p><span style=\"color:#000000;\">Rico en Amino\u00e1cidos Ramificados (BCAA&#8217;s).<\/span><\/p>\n<p><span style=\"color:#000000;\">Las proteicas son la base estructural de nuestra musculatura.<\/span><\/p>\n<p><span style=\"color:#000000;\">Con el m\u00ednimo de % en grasas, az\u00facares, y lactosa.<\/span><\/p>\n<p><span style=\"color:#000000;\">Destaca el complejo enzim\u00e1tico EnzyMax\u00ae*.<\/span><\/p>\n<p><span style=\"color:#000000;\">Aporta vitamina B6 y B12.<\/span><\/p>\n<p><span style=\"color:#000000;\">3 sabores: Chocolate, Fresa, Vainilla.<\/span><\/p>\n<p><span style=\"color:#000000;\">Contiene dosificador.<\/span><\/p>\n<p><span style=\"color:#000000;\">*\u00a0Interviene mejorando la digestibilidad de las prote\u00ednas y amino\u00e1cidos, y a su vez, optimizando la absorci\u00f3n y utilizaci\u00f3n de \u00e9stos.<\/span><\/p><\/p>\n","protected":false},"excerpt":{"rendered":"<h3><span style=\"color:#000000;\">Iso Lean en 3 sabores<\/span><\/h3>\n<p><span style=\"color:#000000;\">Bote de polvo 1815 g<\/span><\/p>\n","protected":false},"featured_media":1271,"comment_status":"open","ping_status":"closed","template":"","meta":{"_genesis_hide_title":false,"_genesis_hide_breadcrumbs":false,"_genesis_hide_singular_image":false,"_genesis_hide_footer_widgets":false,"_genesis_custom_body_class":"","_genesis_custom_post_class":"","_genesis_layout":""},"product_brand":[],"product_cat":[93,38,85,49,51],"product_tag":[930,931,213,929,119],"class_list":{"0":"post-1274","1":"product","2":"type-product","3":"status-publish","4":"has-post-thumbnail","6":"product_cat-aislado-de-suero","7":"product_cat-fitness-y-musculacion","8":"product_cat-proteinas","9":"product_cat-invicted","10":"product_cat-promociones","11":"product_tag-aislado","12":"product_tag-aislado-de-suero","13":"product_tag-iso","14":"product_tag-iso-lean","15":"product_tag-proteina","16":"entry","18":"first","19":"instock","20":"taxable","21":"shipping-taxable","22":"purchasable","23":"product-type-simple"},"jetpack_sharing_enabled":true,"_links":{"self":[{"href":"https:\/\/corporefit365.com\/index.php?rest_route=\/wp\/v2\/product\/1274","targetHints":{"allow":["GET"]}}],"collection":[{"href":"https:\/\/corporefit365.com\/index.php?rest_route=\/wp\/v2\/product"}],"about":[{"href":"https:\/\/corporefit365.com\/index.php?rest_route=\/wp\/v2\/types\/product"}],"replies":[{"embeddable":true,"href":"https:\/\/corporefit365.com\/index.php?rest_route=%2Fwp%2Fv2%2Fcomments&post=1274"}],"wp:featuredmedia":[{"embeddable":true,"href":"https:\/\/corporefit365.com\/index.php?rest_route=\/wp\/v2\/media\/1271"}],"wp:attachment":[{"href":"https:\/\/corporefit365.com\/index.php?rest_route=%2Fwp%2Fv2%2Fmedia&parent=1274"}],"wp:term":[{"taxonomy":"product_brand","embeddable":true,"href":"https:\/\/corporefit365.com\/index.php?rest_route=%2Fwp%2Fv2%2Fproduct_brand&post=1274"},{"taxonomy":"product_cat","embeddable":true,"href":"https:\/\/corporefit365.com\/index.php?rest_route=%2Fwp%2Fv2%2Fproduct_cat&post=1274"},{"taxonomy":"product_tag","embeddable":true,"href":"https:\/\/corporefit365.com\/index.php?rest_route=%2Fwp%2Fv2%2Fproduct_tag&post=1274"}],"curies":[{"name":"wp","href":"https:\/\/api.w.org\/{rel}","templated":true}]}}