{"id":1307,"date":"2018-08-31T15:06:03","date_gmt":"2018-08-31T15:06:03","guid":{"rendered":"https:\/\/corporefit365.com\/producto\/sport-drink-zero-hydra"},"modified":"2018-08-31T15:06:03","modified_gmt":"2018-08-31T15:06:03","slug":"sport-drink-zero-hydra","status":"publish","type":"product","link":"https:\/\/corporefit365.com\/?product=sport-drink-zero-hydra","title":{"rendered":"SPORT DRINK ZERO HYDRA"},"content":{"rendered":"<h3><span style=\"color:#000000;\">\u00bfPor qu\u00e9 tomar Sport Drink Zero Hydra?????<\/span><\/h3>\n<p><span style=\"color:#000000;\">Durante tu actividad diaria: <\/span><\/p>\n<p><span style=\"color:#000000;\">&#8211; \u00a1No dejes de hidratarte en tu d\u00eda a d\u00eda con el mejor sabor! Aporta los electrolitos necesarios para tu organismo, junto con un complejo multivitam\u00ednico. <\/span><\/p>\n<p><span style=\"color:#000000;\">&#8211; Opta por el sabor que m\u00e1s te guste para acompa\u00f1arte durante tus gestiones diarias, en la oficina o durante las jornadas laborales m\u00e1s exigentes! <\/p>\n<p>Durante el ejercicio f\u00edsico: <\/span><\/p>\n<p><span style=\"color:#000000;\">&#8211; Reduce la sensaci\u00f3n de cansancio y previene la aparici\u00f3n de fatiga prematura, mejorando la capacidad de reacci\u00f3n. <\/span><\/p>\n<p><span style=\"color:#000000;\">&#8211; Favorece un correcto estado de hidrataci\u00f3n durante el ejercicio f\u00edsico, evitando la aparici\u00f3n de rampas y dolores musculares. Tambi\u00e9n, facilita la \u00f3ptima disipaci\u00f3n del calor, y la termorregulaci\u00f3n corporal. De este modo evitaremos la aparici\u00f3n de golpes de calor. <\/span><\/p>\n<p><span style=\"color:#000000;\">&#8211; Mejora el rendimiento en esfuerzos f\u00edsicos de corta o larga duraci\u00f3n, como pruebas deportivas de resistencia o en jornadas de campeonatos o torneos en un mismo d\u00eda, o en pruebas de varias etapas. <br \/><\/span><\/p>\n<\/p>\n<p><span style=\"color:#000000;\">DOSIS Y MODO DE EMPLEO: <\/span><\/p>\n<p><span style=\"color:#000000;\">&#8211; Tomar 1 stick a lo largo del d\u00eda. Disolver 1 stick en una botella de agua (1,5 L) para beber a lo largo de la jornada. <\/span><\/p>\n<p><span style=\"color:#000000;\">&#8211; Tomar 1 stick durante el ejercicio f\u00edsico. Disolver un stick en 1 bid\u00f3n de agua (500 \u2013 700 ml). <br \/><\/span><\/p>\n<\/p>\n<p><span style=\"color:#000000;\">7 deliciosos sabores: <\/span><\/p>\n<p><span style=\"color:#000000;\">Con cafe\u00edna: Cola y Pink Berries.<\/span><\/p>\n<p><span style=\"color:#000000;\">Sin Cafe\u00edna: Lemon, Orange, Strawberry, Tropical Passion y Watermelon.<\/span><\/p><\/p>\n","protected":false},"excerpt":{"rendered":"<h3><span style=\"color:#000000;\">Sport Drink Zero Hydra en 7 sabores<\/span><\/h3>\n<p><span style=\"color:#000000;\">Caja de 5 sticks de 3,5 gr.<\/span><\/p>\n<p><span style=\"color:#000000;\">Expositor 21 + 7 cajas de regalo<\/span><\/p>\n","protected":false},"featured_media":1298,"comment_status":"open","ping_status":"closed","template":"","meta":{"_genesis_hide_title":false,"_genesis_hide_breadcrumbs":false,"_genesis_hide_singular_image":false,"_genesis_hide_footer_widgets":false,"_genesis_custom_body_class":"","_genesis_custom_post_class":"","_genesis_layout":""},"product_brand":[],"product_cat":[38,63,39,89,51],"product_tag":[966,967,968,185,183,718],"class_list":{"0":"post-1307","1":"product","2":"type-product","3":"status-publish","4":"has-post-thumbnail","6":"product_cat-fitness-y-musculacion","7":"product_cat-hidratacion","8":"product_cat-endurance","9":"product_cat-vitaminas-y-minerales","10":"product_cat-promociones","11":"product_tag-hydra","12":"product_tag-hydra-zero","13":"product_tag-hydrazero","14":"product_tag-sport","15":"product_tag-sport-drink","16":"product_tag-sport-drink-zero","17":"entry","19":"first","20":"instock","21":"taxable","22":"shipping-taxable","23":"purchasable","24":"product-type-simple"},"jetpack_sharing_enabled":true,"_links":{"self":[{"href":"https:\/\/corporefit365.com\/index.php?rest_route=\/wp\/v2\/product\/1307","targetHints":{"allow":["GET"]}}],"collection":[{"href":"https:\/\/corporefit365.com\/index.php?rest_route=\/wp\/v2\/product"}],"about":[{"href":"https:\/\/corporefit365.com\/index.php?rest_route=\/wp\/v2\/types\/product"}],"replies":[{"embeddable":true,"href":"https:\/\/corporefit365.com\/index.php?rest_route=%2Fwp%2Fv2%2Fcomments&post=1307"}],"wp:featuredmedia":[{"embeddable":true,"href":"https:\/\/corporefit365.com\/index.php?rest_route=\/wp\/v2\/media\/1298"}],"wp:attachment":[{"href":"https:\/\/corporefit365.com\/index.php?rest_route=%2Fwp%2Fv2%2Fmedia&parent=1307"}],"wp:term":[{"taxonomy":"product_brand","embeddable":true,"href":"https:\/\/corporefit365.com\/index.php?rest_route=%2Fwp%2Fv2%2Fproduct_brand&post=1307"},{"taxonomy":"product_cat","embeddable":true,"href":"https:\/\/corporefit365.com\/index.php?rest_route=%2Fwp%2Fv2%2Fproduct_cat&post=1307"},{"taxonomy":"product_tag","embeddable":true,"href":"https:\/\/corporefit365.com\/index.php?rest_route=%2Fwp%2Fv2%2Fproduct_tag&post=1307"}],"curies":[{"name":"wp","href":"https:\/\/api.w.org\/{rel}","templated":true}]}}