{"id":618,"date":"2017-01-25T20:02:52","date_gmt":"2017-01-25T20:02:52","guid":{"rendered":"https:\/\/corporefit365.com\/producto\/barritas-outdoor"},"modified":"2017-01-25T20:02:52","modified_gmt":"2017-01-25T20:02:52","slug":"barritas-outdoor","status":"publish","type":"product","link":"https:\/\/corporefit365.com\/?product=barritas-outdoor","title":{"rendered":"BARRITAS OUTDOOR"},"content":{"rendered":"<p><span style=\"color:#000000;\">Barritas sin cobertura.<\/span><\/p>\n<p><span style=\"color:#000000;\">Enriquecida con Magnesio y Potasio, para evitar calambres.<\/span><\/p>\n<p><span style=\"color:#000000;\">Combinaci\u00f3n de hidratos de carbono de absorci\u00f3n r\u00e1pida y lenta.<\/span><\/p>\n<p><span style=\"color:#000000;\">3 sabores: Pl\u00e1tano, Red berries, Chocolate.\u00a0<\/span><\/p><\/p>\n","protected":false},"excerpt":{"rendered":"<h3><span style=\"color:#000000;\">Barritas Outdoor en 3 sabores<\/span><\/h3>\n<p><span style=\"color:#000000;\">Caja de 20 barritas<\/span><\/p>\n","protected":false},"featured_media":613,"comment_status":"open","ping_status":"closed","template":"","meta":{"_genesis_hide_title":false,"_genesis_hide_breadcrumbs":false,"_genesis_hide_singular_image":false,"_genesis_hide_footer_widgets":false,"_genesis_custom_body_class":"","_genesis_custom_post_class":"","_genesis_layout":""},"product_brand":[],"product_cat":[65,71,39,41],"product_tag":[103,152,148,145,150,144,99,151,147,104,146,153,149],"class_list":{"0":"post-618","1":"product","2":"type-product","3":"status-publish","4":"has-post-thumbnail","6":"product_cat-barritas-energeticas","7":"product_cat-barritas-energeticas-endurance","8":"product_cat-endurance","9":"product_cat-barritas","10":"product_tag-bar","11":"product_tag-bar-endurance","12":"product_tag-bar-energeticas","13":"product_tag-bar-outdoor","14":"product_tag-bar-sin-coibertura","15":"product_tag-barrias","16":"product_tag-barrita","17":"product_tag-barritas-con-magnesio-y-potasio","18":"product_tag-barritas-endurance","19":"product_tag-barritas-energeticas","20":"product_tag-barritas-outdoor","21":"product_tag-barritas-outdoor-nutrisport","22":"product_tag-barritas-sin-cobertura","23":"entry","25":"first","26":"instock","27":"taxable","28":"shipping-taxable","29":"purchasable","30":"product-type-simple"},"jetpack_sharing_enabled":true,"_links":{"self":[{"href":"https:\/\/corporefit365.com\/index.php?rest_route=\/wp\/v2\/product\/618","targetHints":{"allow":["GET"]}}],"collection":[{"href":"https:\/\/corporefit365.com\/index.php?rest_route=\/wp\/v2\/product"}],"about":[{"href":"https:\/\/corporefit365.com\/index.php?rest_route=\/wp\/v2\/types\/product"}],"replies":[{"embeddable":true,"href":"https:\/\/corporefit365.com\/index.php?rest_route=%2Fwp%2Fv2%2Fcomments&post=618"}],"wp:featuredmedia":[{"embeddable":true,"href":"https:\/\/corporefit365.com\/index.php?rest_route=\/wp\/v2\/media\/613"}],"wp:attachment":[{"href":"https:\/\/corporefit365.com\/index.php?rest_route=%2Fwp%2Fv2%2Fmedia&parent=618"}],"wp:term":[{"taxonomy":"product_brand","embeddable":true,"href":"https:\/\/corporefit365.com\/index.php?rest_route=%2Fwp%2Fv2%2Fproduct_brand&post=618"},{"taxonomy":"product_cat","embeddable":true,"href":"https:\/\/corporefit365.com\/index.php?rest_route=%2Fwp%2Fv2%2Fproduct_cat&post=618"},{"taxonomy":"product_tag","embeddable":true,"href":"https:\/\/corporefit365.com\/index.php?rest_route=%2Fwp%2Fv2%2Fproduct_tag&post=618"}],"curies":[{"name":"wp","href":"https:\/\/api.w.org\/{rel}","templated":true}]}}