{"id":761,"date":"2017-01-31T19:49:37","date_gmt":"2017-01-31T19:49:37","guid":{"rendered":"https:\/\/corporefit365.com\/producto\/l-arginina-l-ornitina"},"modified":"2017-01-31T19:49:37","modified_gmt":"2017-01-31T19:49:37","slug":"l-arginina-l-ornitina","status":"publish","type":"product","link":"https:\/\/corporefit365.com\/?product=l-arginina-l-ornitina","title":{"rendered":"L-ARGININA + L-ORNITINA"},"content":{"rendered":"<p><span style=\"color:#000000;\"><strong>Contiene amino\u00e1cidos Puros esenciales en su forma libre (L) para una m\u00e1xima absorci\u00f3n.<\/strong><\/span><\/p>\n<p><span style=\"color:#000000;\"><strong>Aumenta la vitalidad.<\/strong><\/span><\/p>\n<p><span style=\"color:#000000;\"><strong>Potenciador sexual.<\/strong><\/span><\/p>\n<p><span style=\"color:#000000;\"><strong>L-arginina es un precursor del oxido n\u00edtrico.<\/strong><\/span><\/p>\n<p><strong><span style=\"color:#f3101a;\"><span style=\"color:#000000;\">Acci\u00f3n detoxificante, elimina sustancias t\u00f3xicas como el amoniac<\/span>o.<\/span><\/strong><\/p>\n","protected":false},"excerpt":{"rendered":"<h3><span style=\"color:#000000;\">L-Arginina + L-Ornitna 525 mg<\/span><\/h3>\n<p><span style=\"color:#000000;\">Bote de 100 c\u00e1psulas de 525 mg<\/span><\/p>\n","protected":false},"featured_media":759,"comment_status":"open","ping_status":"closed","template":"","meta":{"_genesis_hide_title":false,"_genesis_hide_breadcrumbs":false,"_genesis_hide_singular_image":false,"_genesis_hide_footer_widgets":false,"_genesis_custom_body_class":"","_genesis_custom_post_class":"","_genesis_layout":""},"product_brand":[],"product_cat":[38,84],"product_tag":[322,332,328,334,323,330,326,324],"class_list":{"0":"post-761","1":"product","2":"type-product","3":"status-publish","4":"has-post-thumbnail","6":"product_cat-fitness-y-musculacion","7":"product_cat-aminoacidos","8":"product_tag-arginina","9":"product_tag-arginina-nutrisport","10":"product_tag-arginina-y-ornitina","11":"product_tag-arginina-y-ornitna-nutrisport","12":"product_tag-l-arginina","13":"product_tag-l-arginina-y-l-ornitina","14":"product_tag-l-ornitna","15":"product_tag-ornitina","16":"entry","18":"first","19":"instock","20":"taxable","21":"shipping-taxable","22":"purchasable","23":"product-type-simple"},"jetpack_sharing_enabled":true,"_links":{"self":[{"href":"https:\/\/corporefit365.com\/index.php?rest_route=\/wp\/v2\/product\/761","targetHints":{"allow":["GET"]}}],"collection":[{"href":"https:\/\/corporefit365.com\/index.php?rest_route=\/wp\/v2\/product"}],"about":[{"href":"https:\/\/corporefit365.com\/index.php?rest_route=\/wp\/v2\/types\/product"}],"replies":[{"embeddable":true,"href":"https:\/\/corporefit365.com\/index.php?rest_route=%2Fwp%2Fv2%2Fcomments&post=761"}],"wp:featuredmedia":[{"embeddable":true,"href":"https:\/\/corporefit365.com\/index.php?rest_route=\/wp\/v2\/media\/759"}],"wp:attachment":[{"href":"https:\/\/corporefit365.com\/index.php?rest_route=%2Fwp%2Fv2%2Fmedia&parent=761"}],"wp:term":[{"taxonomy":"product_brand","embeddable":true,"href":"https:\/\/corporefit365.com\/index.php?rest_route=%2Fwp%2Fv2%2Fproduct_brand&post=761"},{"taxonomy":"product_cat","embeddable":true,"href":"https:\/\/corporefit365.com\/index.php?rest_route=%2Fwp%2Fv2%2Fproduct_cat&post=761"},{"taxonomy":"product_tag","embeddable":true,"href":"https:\/\/corporefit365.com\/index.php?rest_route=%2Fwp%2Fv2%2Fproduct_tag&post=761"}],"curies":[{"name":"wp","href":"https:\/\/api.w.org\/{rel}","templated":true}]}}